{"id":61,"date":"2017-10-13T17:12:02","date_gmt":"2017-10-13T15:12:02","guid":{"rendered":"http:\/\/lfl-handel.de\/Wordpress\/?page_id=61"},"modified":"2017-10-17T18:06:30","modified_gmt":"2017-10-17T16:06:30","slug":"ueber-uns","status":"publish","type":"page","link":"http:\/\/lfl-handel.de\/Wordpress\/ueber-uns\/","title":{"rendered":"\u00dcber uns"},"content":{"rendered":"<p>Wir, die LFL, sind ein Zusammenschluss von H\u00e4ndlern und wollen allen kleineren Gesch\u00e4ften oder Existenzgr\u00fcndern die M\u00f6glichkeit geben, bei den ganz Gro\u00dfen mitzuspielen. Wir besitzen selber bereits seit mehreren Jahren L\u00e4den f\u00fcr E-Zigaretten, mussten aber feststellen, dass man allein kaum eine Chance hat gro\u00df genug zu werden um langfristig eine Chance auf dem Markt zu haben.<\/p>\n<p>Wie in jeder Branche ist Gr\u00f6\u00dfe ein entscheidender Faktor um bessere Preise zu bekommen oder Investitionskosten zu verteilen und gering zu halten.<\/p>\n<p>Also haben wir ein System entwickelt bei dem jeder mitmachen kann aber trotzdem die Vorteile einer gro\u00dfen Kette genie\u00dft.<\/p>\n<p>Wir kaufen in St\u00fcckzahlen ein und bekommen Preise von den man als Einzelk\u00e4mpfer meist nur tr\u00e4umen kann und bieten ein System das nahezu alles f\u00fcr euch macht. Deine Aufgabe ist einfach nur Kunden beraten, verkaufen und deinen Laden ordentlich und einladend aussehen zu lassen. Alle anderen nervigen Arbeiten die ein Laden so mit sich bringt erledigen wir f\u00fcr dich. So kannst du dich auf das Wichtige konzentrieren und schneller und besser mit deinem Gesch\u00e4ft wachsen.<\/p>\n<p>Und je mehr mitmachen umso besser wird es. Also schlie\u00dfe dich uns an!<\/p>\n","protected":false},"excerpt":{"rendered":"<p>Wir, die LFL, sind ein Zusammenschluss von H\u00e4ndlern und wollen allen kleineren Gesch\u00e4ften oder Existenzgr\u00fcndern die M\u00f6glichkeit geben, bei den ganz Gro\u00dfen mitzuspielen. Wir besitzen selber bereits seit mehreren Jahren L\u00e4den f\u00fcr E-Zigaretten, mussten aber feststellen, dass man allein kaum eine Chance hat gro\u00df genug zu werden um langfristig eine Chance auf dem Markt zu [&hellip;]<\/p>\n","protected":false},"author":1,"featured_media":0,"parent":0,"menu_order":0,"comment_status":"closed","ping_status":"closed","template":"","meta":[],"_links":{"self":[{"href":"http:\/\/lfl-handel.de\/Wordpress\/wp-json\/wp\/v2\/pages\/61"}],"collection":[{"href":"http:\/\/lfl-handel.de\/Wordpress\/wp-json\/wp\/v2\/pages"}],"about":[{"href":"http:\/\/lfl-handel.de\/Wordpress\/wp-json\/wp\/v2\/types\/page"}],"author":[{"embeddable":true,"href":"http:\/\/lfl-handel.de\/Wordpress\/wp-json\/wp\/v2\/users\/1"}],"replies":[{"embeddable":true,"href":"http:\/\/lfl-handel.de\/Wordpress\/wp-json\/wp\/v2\/comments?post=61"}],"version-history":[{"count":4,"href":"http:\/\/lfl-handel.de\/Wordpress\/wp-json\/wp\/v2\/pages\/61\/revisions"}],"predecessor-version":[{"id":129,"href":"http:\/\/lfl-handel.de\/Wordpress\/wp-json\/wp\/v2\/pages\/61\/revisions\/129"}],"wp:attachment":[{"href":"http:\/\/lfl-handel.de\/Wordpress\/wp-json\/wp\/v2\/media?parent=61"}],"curies":[{"name":"wp","href":"https:\/\/api.w.org\/{rel}","templated":true}]}}