{"id":176,"date":"2020-12-11T12:47:50","date_gmt":"2020-12-11T11:47:50","guid":{"rendered":"http:\/\/lfl-handel.de\/Wordpress\/?page_id=176"},"modified":"2020-12-11T15:40:46","modified_gmt":"2020-12-11T14:40:46","slug":"neue-startseite-2","status":"publish","type":"page","link":"http:\/\/lfl-handel.de\/Wordpress\/","title":{"rendered":"Starte mit uns durch!"},"content":{"rendered":"\t\t<div data-elementor-type=\"wp-page\" data-elementor-id=\"176\" class=\"elementor elementor-176\" data-elementor-settings=\"[]\">\n\t\t\t\t\t\t<div class=\"elementor-inner\">\n\t\t\t\t\t\t\t<div class=\"elementor-section-wrap\">\n\t\t\t\t\t\t\t<section class=\"elementor-section elementor-top-section elementor-element elementor-element-0cc65b8 elementor-section-boxed elementor-section-height-default elementor-section-height-default\" data-id=\"0cc65b8\" data-element_type=\"section\">\n\t\t\t\t\t\t<div class=\"elementor-container elementor-column-gap-default\">\n\t\t\t\t\t\t\t<div class=\"elementor-row\">\n\t\t\t\t\t<div class=\"elementor-column elementor-col-33 elementor-top-column elementor-element elementor-element-6d6ec1e\" data-id=\"6d6ec1e\" data-element_type=\"column\">\n\t\t\t<div class=\"elementor-column-wrap elementor-element-populated\">\n\t\t\t\t\t\t\t<div class=\"elementor-widget-wrap\">\n\t\t\t\t\t\t<div class=\"elementor-element elementor-element-e9a7871 elementor-view-default elementor-position-top elementor-vertical-align-top elementor-widget elementor-widget-icon-box\" data-id=\"e9a7871\" data-element_type=\"widget\" data-widget_type=\"icon-box.default\">\n\t\t\t\t<div class=\"elementor-widget-container\">\n\t\t\t\t\t<div class=\"elementor-icon-box-wrapper\">\n\t\t\t\t\t\t<div class=\"elementor-icon-box-icon\">\n\t\t\t\t<span class=\"elementor-icon elementor-animation-\" >\n\t\t\t\t<i aria-hidden=\"true\" class=\"fas fa-book\"><\/i>\t\t\t\t<\/span>\n\t\t\t<\/div>\n\t\t\t\t\t\t<div class=\"elementor-icon-box-content\">\n\t\t\t\t<h3 class=\"elementor-icon-box-title\">\n\t\t\t\t\t<span >Verwaltung<\/span>\n\t\t\t\t<\/h3>\n\t\t\t\t\t\t\t\t<p class=\"elementor-icon-box-description\">Wir k\u00fcmmern uns um alles was ein neues Gesch\u00e4ft mit sich bringt.<\/p>\n\t\t\t\t\t\t\t<\/div>\n\t\t<\/div>\n\t\t\t\t<\/div>\n\t\t\t\t<\/div>\n\t\t\t\t\t\t<\/div>\n\t\t\t\t\t<\/div>\n\t\t<\/div>\n\t\t\t\t<div class=\"elementor-column elementor-col-33 elementor-top-column elementor-element elementor-element-e33f1bb\" data-id=\"e33f1bb\" data-element_type=\"column\">\n\t\t\t<div class=\"elementor-column-wrap elementor-element-populated\">\n\t\t\t\t\t\t\t<div class=\"elementor-widget-wrap\">\n\t\t\t\t\t\t<div class=\"elementor-element elementor-element-79a2e83 elementor-view-default elementor-position-top elementor-vertical-align-top elementor-widget elementor-widget-icon-box\" data-id=\"79a2e83\" data-element_type=\"widget\" data-widget_type=\"icon-box.default\">\n\t\t\t\t<div class=\"elementor-widget-container\">\n\t\t\t\t\t<div class=\"elementor-icon-box-wrapper\">\n\t\t\t\t\t\t<div class=\"elementor-icon-box-icon\">\n\t\t\t\t<span class=\"elementor-icon elementor-animation-\" >\n\t\t\t\t<i aria-hidden=\"true\" class=\"fas fa-warehouse\"><\/i>\t\t\t\t<\/span>\n\t\t\t<\/div>\n\t\t\t\t\t\t<div class=\"elementor-icon-box-content\">\n\t\t\t\t<h3 class=\"elementor-icon-box-title\">\n\t\t\t\t\t<span >Handel<\/span>\n\t\t\t\t<\/h3>\n\t\t\t\t\t\t\t\t<p class=\"elementor-icon-box-description\">Mit eigenen L\u00e4den sind wir direkt beim Kunden.<\/p>\n\t\t\t\t\t\t\t<\/div>\n\t\t<\/div>\n\t\t\t\t<\/div>\n\t\t\t\t<\/div>\n\t\t\t\t\t\t<\/div>\n\t\t\t\t\t<\/div>\n\t\t<\/div>\n\t\t\t\t<div class=\"elementor-column elementor-col-33 elementor-top-column elementor-element elementor-element-d9b2851\" data-id=\"d9b2851\" data-element_type=\"column\">\n\t\t\t<div class=\"elementor-column-wrap elementor-element-populated\">\n\t\t\t\t\t\t\t<div class=\"elementor-widget-wrap\">\n\t\t\t\t\t\t<div class=\"elementor-element elementor-element-5f8dc98 elementor-view-default elementor-position-top elementor-vertical-align-top elementor-widget elementor-widget-icon-box\" data-id=\"5f8dc98\" data-element_type=\"widget\" data-widget_type=\"icon-box.default\">\n\t\t\t\t<div class=\"elementor-widget-container\">\n\t\t\t\t\t<div class=\"elementor-icon-box-wrapper\">\n\t\t\t\t\t\t<div class=\"elementor-icon-box-icon\">\n\t\t\t\t<span class=\"elementor-icon elementor-animation-\" >\n\t\t\t\t<i aria-hidden=\"true\" class=\"fas fa-box\"><\/i>\t\t\t\t<\/span>\n\t\t\t<\/div>\n\t\t\t\t\t\t<div class=\"elementor-icon-box-content\">\n\t\t\t\t<h3 class=\"elementor-icon-box-title\">\n\t\t\t\t\t<span >Vertrieb<\/span>\n\t\t\t\t<\/h3>\n\t\t\t\t\t\t\t\t<p class=\"elementor-icon-box-description\">Wir vertreiben deine Produkte und Ideen.<\/p>\n\t\t\t\t\t\t\t<\/div>\n\t\t<\/div>\n\t\t\t\t<\/div>\n\t\t\t\t<\/div>\n\t\t\t\t\t\t<\/div>\n\t\t\t\t\t<\/div>\n\t\t<\/div>\n\t\t\t\t\t\t\t\t<\/div>\n\t\t\t\t\t<\/div>\n\t\t<\/section>\n\t\t\t\t<section class=\"elementor-section elementor-top-section elementor-element elementor-element-54be9ca elementor-section-boxed elementor-section-height-default elementor-section-height-default\" data-id=\"54be9ca\" data-element_type=\"section\">\n\t\t\t\t\t\t<div class=\"elementor-container elementor-column-gap-default\">\n\t\t\t\t\t\t\t<div class=\"elementor-row\">\n\t\t\t\t\t<div class=\"elementor-column elementor-col-100 elementor-top-column elementor-element elementor-element-5e64187\" data-id=\"5e64187\" data-element_type=\"column\">\n\t\t\t<div class=\"elementor-column-wrap elementor-element-populated\">\n\t\t\t\t\t\t\t<div class=\"elementor-widget-wrap\">\n\t\t\t\t\t\t<div class=\"elementor-element elementor-element-92899f3 elementor-widget elementor-widget-text-editor\" data-id=\"92899f3\" data-element_type=\"widget\" data-widget_type=\"text-editor.default\">\n\t\t\t\t<div class=\"elementor-widget-container\">\n\t\t\t\t\t<div class=\"elementor-text-editor elementor-clearfix\"><header class=\"entry-header\" style=\"color: #333333; font-family: 'Helvetica Neue', Helvetica, Arial, 'Lucida Grande', sans-serif;\"><h1 class=\"entry-title\" style=\"margin-top: 0px; margin-bottom: 0px;\"><span style=\"font-size: 13px; color: #666666;\">DU bekommst mit uns ein Rundum-Sorgenlos-Paket f\u00fcr deinen eigenen Dampferladen.<\/span><\/h1><\/header><div class=\"entry-content\" style=\"font-family: 'Helvetica Neue', Helvetica, Arial, 'Lucida Grande', sans-serif; font-size: 13px; font-style: normal; font-weight: 400;\"><p style=\"font-size: 13px;\">Wie bieten dir:<\/p><ul style=\"font-size: 13px;\"><li style=\"font-size: 13px;\">4 Jahre Branchen-Know-how<\/li><li style=\"font-size: 13px;\">modernes Shop-Design<\/li><li style=\"font-size: 13px;\">super einfaches Kassen und Verwaltungssystem<\/li><li style=\"font-size: 13px;\">Hilfe bei der Standortfindung, Ladeneinrichtung<\/li><li style=\"font-size: 13px;\">Verkaufsschulungen<\/li><li style=\"font-size: 13px;\">Infos,\u00a0Netzwerk und Connections in die Branche<\/li><li style=\"font-size: 13px;\">famili\u00e4res, freundschaftliches Arbeitsumfeld in unserem Netzwerk<\/li><li style=\"font-size: 13px;\">Einkaufspreise, die sonst nur die Gro\u00dfen bekommen<\/li><li style=\"font-size: 13px;\">Zugriff und Nutzungsrechte f\u00fcr Marken<\/li><li style=\"font-size: 13px;\">Rechtssicherheit<\/li><li style=\"font-size: 13px;\">hohe Verdienstm\u00f6glichkeiten<\/li><li style=\"font-size: 13px;\">geringe Investition durch brancheneinzigartiges Beteiligungssystem<\/li><\/ul><p style=\"font-size: 13px;\">Also mach dein Hobby zum Beruf und starte mit uns durch! Alles was du brauchst ist den Mut etwas Eigenes auf die Beine zu stellen.<\/p><p style=\"font-size: 13px;\">Also nimm noch heute Kontakt auf und in nur wenigen Wochen kannst du deinen eigenen Laden haben.<\/p><\/div><\/div>\n\t\t\t\t<\/div>\n\t\t\t\t<\/div>\n\t\t\t\t\t\t<\/div>\n\t\t\t\t\t<\/div>\n\t\t<\/div>\n\t\t\t\t\t\t\t\t<\/div>\n\t\t\t\t\t<\/div>\n\t\t<\/section>\n\t\t\t\t<section class=\"elementor-section elementor-top-section elementor-element elementor-element-2a9c314 elementor-section-boxed elementor-section-height-default elementor-section-height-default\" data-id=\"2a9c314\" data-element_type=\"section\">\n\t\t\t\t\t\t<div class=\"elementor-container elementor-column-gap-default\">\n\t\t\t\t\t\t\t<div class=\"elementor-row\">\n\t\t\t\t\t<div class=\"elementor-column elementor-col-100 elementor-top-column elementor-element elementor-element-4993d92\" data-id=\"4993d92\" data-element_type=\"column\">\n\t\t\t<div class=\"elementor-column-wrap\">\n\t\t\t\t\t\t\t<div class=\"elementor-widget-wrap\">\n\t\t\t\t\t\t\t\t<\/div>\n\t\t\t\t\t<\/div>\n\t\t<\/div>\n\t\t\t\t\t\t\t\t<\/div>\n\t\t\t\t\t<\/div>\n\t\t<\/section>\n\t\t\t\t\t\t<\/div>\n\t\t\t\t\t\t<\/div>\n\t\t\t\t\t<\/div>\n\t\t","protected":false},"excerpt":{"rendered":"<p>Verwaltung Wir k\u00fcmmern uns um alles was ein neues Gesch\u00e4ft mit sich bringt. Handel Mit eigenen L\u00e4den sind wir direkt beim Kunden. Vertrieb Wir vertreiben deine Produkte und Ideen. DU bekommst mit uns ein Rundum-Sorgenlos-Paket f\u00fcr deinen eigenen Dampferladen. Wie bieten dir: 4 Jahre Branchen-Know-how modernes Shop-Design super einfaches Kassen und Verwaltungssystem Hilfe bei der [&hellip;]<\/p>\n","protected":false},"author":1,"featured_media":0,"parent":0,"menu_order":0,"comment_status":"closed","ping_status":"closed","template":"","meta":[],"_links":{"self":[{"href":"http:\/\/lfl-handel.de\/Wordpress\/wp-json\/wp\/v2\/pages\/176"}],"collection":[{"href":"http:\/\/lfl-handel.de\/Wordpress\/wp-json\/wp\/v2\/pages"}],"about":[{"href":"http:\/\/lfl-handel.de\/Wordpress\/wp-json\/wp\/v2\/types\/page"}],"author":[{"embeddable":true,"href":"http:\/\/lfl-handel.de\/Wordpress\/wp-json\/wp\/v2\/users\/1"}],"replies":[{"embeddable":true,"href":"http:\/\/lfl-handel.de\/Wordpress\/wp-json\/wp\/v2\/comments?post=176"}],"version-history":[{"count":11,"href":"http:\/\/lfl-handel.de\/Wordpress\/wp-json\/wp\/v2\/pages\/176\/revisions"}],"predecessor-version":[{"id":193,"href":"http:\/\/lfl-handel.de\/Wordpress\/wp-json\/wp\/v2\/pages\/176\/revisions\/193"}],"wp:attachment":[{"href":"http:\/\/lfl-handel.de\/Wordpress\/wp-json\/wp\/v2\/media?parent=176"}],"curies":[{"name":"wp","href":"https:\/\/api.w.org\/{rel}","templated":true}]}}